{"id":279,"date":"2024-02-19T23:11:08","date_gmt":"2024-02-19T23:11:08","guid":{"rendered":"https:\/\/www.yaatra-prod.com\/?page_id=279"},"modified":"2024-02-22T12:14:58","modified_gmt":"2024-02-22T12:14:58","slug":"a-propos","status":"publish","type":"page","link":"https:\/\/www.yaatra-prod.com\/?page_id=279","title":{"rendered":"A PROPOS"},"content":{"rendered":"\n<p>Le nom Yaatra, tir\u00e9 de l&rsquo;indhi, signifie \u00ab\u00a0voyage\u00a0\u00bb, \u00ab\u00a0procession\u00a0\u00bb, \u00ab\u00a0cheminement\u00a0\u00bb \u2013 des mots qui capturent l&rsquo;essence de notre mission. Nous ne sommes pas simplement une structure de production et de booking ; nous sommes des cr\u00e9ateurs de voyages sonores. Chaque note, chaque m\u00e9lodie est choisie pour emmener notre public dans un processus d&rsquo;\u00e9volution, dans un voyage qui transcende les fronti\u00e8res et les cultures.<\/p>\n\n\n\n<div style=\"height:24px\" aria-hidden=\"true\" class=\"wp-block-spacer\"><\/div>\n\n\n\n<p>Situ\u00e9e en France, Yaatra Prod embrasse des valeurs universelles : le partage, la bienveillance, et l&rsquo;\u00e9volution positive. Notre ambition est de d\u00e9passer les attentes, non seulement en produisant de la musique de qualit\u00e9 mais aussi en cr\u00e9ant des exp\u00e9riences authentiques et m\u00e9morables. Notre approche se base sur un rapport humain et sinc\u00e8re, visant toujours \u00e0 offrir des horizons nouveaux et enrichissants.<\/p>\n\n\n\n<div style=\"height:24px\" aria-hidden=\"true\" class=\"wp-block-spacer\"><\/div>\n\n\n\n<div class=\"wp-block-columns is-layout-flex wp-container-core-columns-is-layout-28f84493 wp-block-columns-is-layout-flex\">\n<div class=\"wp-block-column is-layout-flow wp-block-column-is-layout-flow\">\n<p><strong>Notre mission<\/strong> est de d\u00e9velopper et de cultiver les talents, d&rsquo;\u00e9largir la sc\u00e8ne musicale en France tout en \u00e9tablissant des ponts solides avec la sc\u00e8ne mondiale. Nous aspirons \u00e9galement \u00e0 transformer le monde de la musique en un espace o\u00f9 les artistes sont v\u00e9ritablement soutenus \u00e0 chaque \u00e9tape de leur parcours, en diffusant des \u0153uvres qui touchent profond\u00e9ment le c\u0153ur et l&rsquo;esprit des auditeurs.<\/p>\n<\/div>\n\n\n\n<div class=\"wp-block-column is-layout-flow wp-block-column-is-layout-flow\" style=\"flex-basis:100px\"><\/div>\n\n\n\n<div class=\"wp-block-column is-layout-flow wp-block-column-is-layout-flow\">\n<p><strong>Notre philosophie<\/strong> : \u00ab\u00a0Des voyages au rythme du son\u00a0\u00bb. Nous croyons en la musique comme pont de connexion, source d&rsquo;inspiration, et levier de transformation. Yaatra Prod se consacre \u00e0 forger des exp\u00e9riences musicales qui ouvrent des portes vers l&rsquo;\u00e9vasion, la r\u00e9flexion et l&rsquo;exploration personnelle, enrichissant chaque \u00e9coute d&rsquo;une dimension nouvelle.<\/p>\n<\/div>\n<\/div>\n\n\n\n<p>Bien que nouvellement fond\u00e9e, Yaatra Prod porte en elle la promesse d&rsquo;une aventure sans pareille, o\u00f9 chaque projet, chaque artiste et chaque \u00e9v\u00e9nement est une \u00e9tape dans un voyage grandiose. Rejoignez-nous dans cette aventure, o\u00f9 la musique est un voyage et chaque note, une destination.<\/p>\n\n\n\n<div style=\"height:24px\" aria-hidden=\"true\" class=\"wp-block-spacer\"><\/div>\n","protected":false},"excerpt":{"rendered":"<p>Le nom Yaatra, tir\u00e9 de l&rsquo;indhi, signifie \u00ab\u00a0voyage\u00a0\u00bb, \u00ab\u00a0procession\u00a0\u00bb, \u00ab\u00a0cheminement\u00a0\u00bb \u2013 des mots qui capturent l&rsquo;essence de notre mission. Nous ne sommes pas simplement une structure de production et de booking ; nous sommes des cr\u00e9ateurs de voyages sonores. Chaque note, chaque m\u00e9lodie est choisie pour emmener notre public dans [&hellip;]<\/p>\n","protected":false},"author":1,"featured_media":0,"parent":0,"menu_order":0,"comment_status":"closed","ping_status":"closed","template":"","meta":{"_themeisle_gutenberg_block_has_review":false,"footnotes":""},"class_list":["post-279","page","type-page","status-publish","hentry"],"_links":{"self":[{"href":"https:\/\/www.yaatra-prod.com\/index.php?rest_route=\/wp\/v2\/pages\/279","targetHints":{"allow":["GET"]}}],"collection":[{"href":"https:\/\/www.yaatra-prod.com\/index.php?rest_route=\/wp\/v2\/pages"}],"about":[{"href":"https:\/\/www.yaatra-prod.com\/index.php?rest_route=\/wp\/v2\/types\/page"}],"author":[{"embeddable":true,"href":"https:\/\/www.yaatra-prod.com\/index.php?rest_route=\/wp\/v2\/users\/1"}],"replies":[{"embeddable":true,"href":"https:\/\/www.yaatra-prod.com\/index.php?rest_route=%2Fwp%2Fv2%2Fcomments&post=279"}],"version-history":[{"count":28,"href":"https:\/\/www.yaatra-prod.com\/index.php?rest_route=\/wp\/v2\/pages\/279\/revisions"}],"predecessor-version":[{"id":350,"href":"https:\/\/www.yaatra-prod.com\/index.php?rest_route=\/wp\/v2\/pages\/279\/revisions\/350"}],"wp:attachment":[{"href":"https:\/\/www.yaatra-prod.com\/index.php?rest_route=%2Fwp%2Fv2%2Fmedia&parent=279"}],"curies":[{"name":"wp","href":"https:\/\/api.w.org\/{rel}","templated":true}]}}