{"id":467,"date":"2024-03-20T16:35:20","date_gmt":"2024-03-20T16:35:20","guid":{"rendered":"https:\/\/www.yaatra-prod.com\/?page_id=467"},"modified":"2025-07-21T20:15:13","modified_gmt":"2025-07-21T20:15:13","slug":"ninns","status":"publish","type":"page","link":"https:\/\/www.yaatra-prod.com\/?page_id=467","title":{"rendered":"NINN&rsquo;S"},"content":{"rendered":"\n<div id=\"wp-block-themeisle-blocks-advanced-columns-07f9e39b\" class=\"wp-block-themeisle-blocks-advanced-columns alignfull has-1-columns has-desktop-equal-layout has-tablet-equal-layout has-mobile-collapsedRows-layout has-vertical-center\"><div class=\"wp-block-themeisle-blocks-advanced-columns-overlay\"><\/div><div class=\"innerblocks-wrap\">\n<div id=\"wp-block-themeisle-blocks-advanced-column-9bce96d7\" class=\"wp-block-themeisle-blocks-advanced-column\"><div class=\"wp-block-image is-style-rounded\">\n<figure class=\"aligncenter size-full is-resized\"><img fetchpriority=\"high\" decoding=\"async\" width=\"2560\" height=\"2560\" src=\"https:\/\/www.yaatra-prod.com\/wp-content\/uploads\/2024\/03\/PP-NINNS-V2-scaled.jpg\" alt=\"\" class=\"wp-image-463\" style=\"object-fit:cover;width:333px;height:333px\" srcset=\"https:\/\/www.yaatra-prod.com\/wp-content\/uploads\/2024\/03\/PP-NINNS-V2-scaled.jpg 2560w, https:\/\/www.yaatra-prod.com\/wp-content\/uploads\/2024\/03\/PP-NINNS-V2-300x300.jpg 300w, https:\/\/www.yaatra-prod.com\/wp-content\/uploads\/2024\/03\/PP-NINNS-V2-1024x1024.jpg 1024w, https:\/\/www.yaatra-prod.com\/wp-content\/uploads\/2024\/03\/PP-NINNS-V2-150x150.jpg 150w, https:\/\/www.yaatra-prod.com\/wp-content\/uploads\/2024\/03\/PP-NINNS-V2-768x768.jpg 768w, https:\/\/www.yaatra-prod.com\/wp-content\/uploads\/2024\/03\/PP-NINNS-V2-1536x1536.jpg 1536w, https:\/\/www.yaatra-prod.com\/wp-content\/uploads\/2024\/03\/PP-NINNS-V2-2048x2048.jpg 2048w\" sizes=\"(max-width: 2560px) 100vw, 2560px\" \/><\/figure><\/div>\n\n\n<div style=\"height:43px\" aria-hidden=\"true\" class=\"wp-block-spacer\"><\/div>\n\n\n\n<div class=\"wp-block-columns is-layout-flex wp-container-core-columns-is-layout-28f84493 wp-block-columns-is-layout-flex\">\n<div class=\"wp-block-column is-layout-flow wp-block-column-is-layout-flow\" style=\"flex-basis:100%\">\n<h1 id=\"wp-block-themeisle-blocks-advanced-heading-63134771\" class=\"wp-block-themeisle-blocks-advanced-heading wp-block-themeisle-blocks-advanced-heading-63134771\"><strong>SOUL \u2022 FUNK \u2022 BASS<\/strong><\/h1>\n\n\n\n<div style=\"height:22px\" aria-hidden=\"true\" class=\"wp-block-spacer\"><\/div>\n\n\n\n<ul class=\"wp-block-social-links aligncenter is-content-justification-center is-layout-flex wp-container-core-social-links-is-layout-a89b3969 wp-block-social-links-is-layout-flex\"><li class=\"wp-social-link wp-social-link-instagram  wp-block-social-link\"><a href=\"https:\/\/www.instagram.com\/ninns_music\/\" class=\"wp-block-social-link-anchor\"><svg width=\"24\" height=\"24\" viewBox=\"0 0 24 24\" version=\"1.1\" xmlns=\"http:\/\/www.w3.org\/2000\/svg\" aria-hidden=\"true\" focusable=\"false\"><path d=\"M12,4.622c2.403,0,2.688,0.009,3.637,0.052c0.877,0.04,1.354,0.187,1.671,0.31c0.42,0.163,0.72,0.358,1.035,0.673 c0.315,0.315,0.51,0.615,0.673,1.035c0.123,0.317,0.27,0.794,0.31,1.671c0.043,0.949,0.052,1.234,0.052,3.637 s-0.009,2.688-0.052,3.637c-0.04,0.877-0.187,1.354-0.31,1.671c-0.163,0.42-0.358,0.72-0.673,1.035 c-0.315,0.315-0.615,0.51-1.035,0.673c-0.317,0.123-0.794,0.27-1.671,0.31c-0.949,0.043-1.233,0.052-3.637,0.052 s-2.688-0.009-3.637-0.052c-0.877-0.04-1.354-0.187-1.671-0.31c-0.42-0.163-0.72-0.358-1.035-0.673 c-0.315-0.315-0.51-0.615-0.673-1.035c-0.123-0.317-0.27-0.794-0.31-1.671C4.631,14.688,4.622,14.403,4.622,12 s0.009-2.688,0.052-3.637c0.04-0.877,0.187-1.354,0.31-1.671c0.163-0.42,0.358-0.72,0.673-1.035 c0.315-0.315,0.615-0.51,1.035-0.673c0.317-0.123,0.794-0.27,1.671-0.31C9.312,4.631,9.597,4.622,12,4.622 M12,3 C9.556,3,9.249,3.01,8.289,3.054C7.331,3.098,6.677,3.25,6.105,3.472C5.513,3.702,5.011,4.01,4.511,4.511 c-0.5,0.5-0.808,1.002-1.038,1.594C3.25,6.677,3.098,7.331,3.054,8.289C3.01,9.249,3,9.556,3,12c0,2.444,0.01,2.751,0.054,3.711 c0.044,0.958,0.196,1.612,0.418,2.185c0.23,0.592,0.538,1.094,1.038,1.594c0.5,0.5,1.002,0.808,1.594,1.038 c0.572,0.222,1.227,0.375,2.185,0.418C9.249,20.99,9.556,21,12,21s2.751-0.01,3.711-0.054c0.958-0.044,1.612-0.196,2.185-0.418 c0.592-0.23,1.094-0.538,1.594-1.038c0.5-0.5,0.808-1.002,1.038-1.594c0.222-0.572,0.375-1.227,0.418-2.185 C20.99,14.751,21,14.444,21,12s-0.01-2.751-0.054-3.711c-0.044-0.958-0.196-1.612-0.418-2.185c-0.23-0.592-0.538-1.094-1.038-1.594 c-0.5-0.5-1.002-0.808-1.594-1.038c-0.572-0.222-1.227-0.375-2.185-0.418C14.751,3.01,14.444,3,12,3L12,3z M12,7.378 c-2.552,0-4.622,2.069-4.622,4.622S9.448,16.622,12,16.622s4.622-2.069,4.622-4.622S14.552,7.378,12,7.378z M12,15 c-1.657,0-3-1.343-3-3s1.343-3,3-3s3,1.343,3,3S13.657,15,12,15z M16.804,6.116c-0.596,0-1.08,0.484-1.08,1.08 s0.484,1.08,1.08,1.08c0.596,0,1.08-0.484,1.08-1.08S17.401,6.116,16.804,6.116z\"><\/path><\/svg><span class=\"wp-block-social-link-label screen-reader-text\">Instagram<\/span><\/a><\/li>\n\n<li class=\"wp-social-link wp-social-link-tiktok  wp-block-social-link\"><a href=\"https:\/\/www.tiktok.com\/@ninns47\" class=\"wp-block-social-link-anchor\"><svg width=\"24\" height=\"24\" viewBox=\"0 0 32 32\" version=\"1.1\" xmlns=\"http:\/\/www.w3.org\/2000\/svg\" aria-hidden=\"true\" focusable=\"false\"><path d=\"M16.708 0.027c1.745-0.027 3.48-0.011 5.213-0.027 0.105 2.041 0.839 4.12 2.333 5.563 1.491 1.479 3.6 2.156 5.652 2.385v5.369c-1.923-0.063-3.855-0.463-5.6-1.291-0.76-0.344-1.468-0.787-2.161-1.24-0.009 3.896 0.016 7.787-0.025 11.667-0.104 1.864-0.719 3.719-1.803 5.255-1.744 2.557-4.771 4.224-7.88 4.276-1.907 0.109-3.812-0.411-5.437-1.369-2.693-1.588-4.588-4.495-4.864-7.615-0.032-0.667-0.043-1.333-0.016-1.984 0.24-2.537 1.495-4.964 3.443-6.615 2.208-1.923 5.301-2.839 8.197-2.297 0.027 1.975-0.052 3.948-0.052 5.923-1.323-0.428-2.869-0.308-4.025 0.495-0.844 0.547-1.485 1.385-1.819 2.333-0.276 0.676-0.197 1.427-0.181 2.145 0.317 2.188 2.421 4.027 4.667 3.828 1.489-0.016 2.916-0.88 3.692-2.145 0.251-0.443 0.532-0.896 0.547-1.417 0.131-2.385 0.079-4.76 0.095-7.145 0.011-5.375-0.016-10.735 0.025-16.093z\" \/><\/svg><span class=\"wp-block-social-link-label screen-reader-text\">TikTok<\/span><\/a><\/li>\n\n<li class=\"wp-social-link wp-social-link-youtube  wp-block-social-link\"><a href=\"https:\/\/www.youtube.com\/@ninns47\" class=\"wp-block-social-link-anchor\"><svg width=\"24\" height=\"24\" viewBox=\"0 0 24 24\" version=\"1.1\" xmlns=\"http:\/\/www.w3.org\/2000\/svg\" aria-hidden=\"true\" focusable=\"false\"><path d=\"M21.8,8.001c0,0-0.195-1.378-0.795-1.985c-0.76-0.797-1.613-0.801-2.004-0.847c-2.799-0.202-6.997-0.202-6.997-0.202 h-0.009c0,0-4.198,0-6.997,0.202C4.608,5.216,3.756,5.22,2.995,6.016C2.395,6.623,2.2,8.001,2.2,8.001S2,9.62,2,11.238v1.517 c0,1.618,0.2,3.237,0.2,3.237s0.195,1.378,0.795,1.985c0.761,0.797,1.76,0.771,2.205,0.855c1.6,0.153,6.8,0.201,6.8,0.201 s4.203-0.006,7.001-0.209c0.391-0.047,1.243-0.051,2.004-0.847c0.6-0.607,0.795-1.985,0.795-1.985s0.2-1.618,0.2-3.237v-1.517 C22,9.62,21.8,8.001,21.8,8.001z M9.935,14.594l-0.001-5.62l5.404,2.82L9.935,14.594z\"><\/path><\/svg><span class=\"wp-block-social-link-label screen-reader-text\">YouTube<\/span><\/a><\/li>\n\n<li class=\"wp-social-link wp-social-link-facebook  wp-block-social-link\"><a href=\"https:\/\/www.facebook.com\/ninnsmusic\/\" class=\"wp-block-social-link-anchor\"><svg width=\"24\" height=\"24\" viewBox=\"0 0 24 24\" version=\"1.1\" xmlns=\"http:\/\/www.w3.org\/2000\/svg\" aria-hidden=\"true\" focusable=\"false\"><path d=\"M12 2C6.5 2 2 6.5 2 12c0 5 3.7 9.1 8.4 9.9v-7H7.9V12h2.5V9.8c0-2.5 1.5-3.9 3.8-3.9 1.1 0 2.2.2 2.2.2v2.5h-1.3c-1.2 0-1.6.8-1.6 1.6V12h2.8l-.4 2.9h-2.3v7C18.3 21.1 22 17 22 12c0-5.5-4.5-10-10-10z\"><\/path><\/svg><span class=\"wp-block-social-link-label screen-reader-text\">Facebook<\/span><\/a><\/li>\n\n<li class=\"wp-social-link wp-social-link-soundcloud  wp-block-social-link\"><a href=\"https:\/\/soundcloud.com\/ninns_music\" class=\"wp-block-social-link-anchor\"><svg width=\"24\" height=\"24\" viewBox=\"0 0 24 24\" version=\"1.1\" xmlns=\"http:\/\/www.w3.org\/2000\/svg\" aria-hidden=\"true\" focusable=\"false\"><path d=\"M8.9,16.1L9,14L8.9,9.5c0-0.1,0-0.1-0.1-0.1c0,0-0.1-0.1-0.1-0.1c-0.1,0-0.1,0-0.1,0.1c0,0-0.1,0.1-0.1,0.1L8.3,14l0.1,2.1 c0,0.1,0,0.1,0.1,0.1c0,0,0.1,0.1,0.1,0.1C8.8,16.3,8.9,16.3,8.9,16.1z M11.4,15.9l0.1-1.8L11.4,9c0-0.1,0-0.2-0.1-0.2 c0,0-0.1,0-0.1,0s-0.1,0-0.1,0c-0.1,0-0.1,0.1-0.1,0.2l0,0.1l-0.1,5c0,0,0,0.7,0.1,2v0c0,0.1,0,0.1,0.1,0.1c0.1,0.1,0.1,0.1,0.2,0.1 c0.1,0,0.1,0,0.2-0.1c0.1,0,0.1-0.1,0.1-0.2L11.4,15.9z M2.4,12.9L2.5,14l-0.2,1.1c0,0.1,0,0.1-0.1,0.1c0,0-0.1,0-0.1-0.1L2.1,14 l0.1-1.1C2.2,12.9,2.3,12.9,2.4,12.9C2.3,12.9,2.4,12.9,2.4,12.9z M3.1,12.2L3.3,14l-0.2,1.8c0,0.1,0,0.1-0.1,0.1 c-0.1,0-0.1,0-0.1-0.1L2.8,14L3,12.2C3,12.2,3,12.2,3.1,12.2C3.1,12.2,3.1,12.2,3.1,12.2z M3.9,11.9L4.1,14l-0.2,2.1 c0,0.1,0,0.1-0.1,0.1c-0.1,0-0.1,0-0.1-0.1L3.5,14l0.2-2.1c0-0.1,0-0.1,0.1-0.1C3.9,11.8,3.9,11.8,3.9,11.9z M4.7,11.9L4.9,14 l-0.2,2.1c0,0.1-0.1,0.1-0.1,0.1c-0.1,0-0.1,0-0.1-0.1L4.3,14l0.2-2.2c0-0.1,0-0.1,0.1-0.1C4.7,11.7,4.7,11.8,4.7,11.9z M5.6,12 l0.2,2l-0.2,2.1c0,0.1-0.1,0.1-0.1,0.1c0,0-0.1,0-0.1,0c0,0,0-0.1,0-0.1L5.1,14l0.2-2c0,0,0-0.1,0-0.1s0.1,0,0.1,0 C5.5,11.9,5.5,11.9,5.6,12L5.6,12z M6.4,10.7L6.6,14l-0.2,2.1c0,0,0,0.1,0,0.1c0,0-0.1,0-0.1,0c-0.1,0-0.1-0.1-0.2-0.2L5.9,14 l0.2-3.3c0-0.1,0.1-0.2,0.2-0.2c0,0,0.1,0,0.1,0C6.4,10.7,6.4,10.7,6.4,10.7z M7.2,10l0.2,4.1l-0.2,2.1c0,0,0,0.1,0,0.1 c0,0-0.1,0-0.1,0c-0.1,0-0.2-0.1-0.2-0.2l-0.1-2.1L6.8,10c0-0.1,0.1-0.2,0.2-0.2c0,0,0.1,0,0.1,0S7.2,9.9,7.2,10z M8,9.6L8.2,14 L8,16.1c0,0.1-0.1,0.2-0.2,0.2c-0.1,0-0.2-0.1-0.2-0.2L7.5,14l0.1-4.4c0-0.1,0-0.1,0.1-0.1c0,0,0.1-0.1,0.1-0.1c0.1,0,0.1,0,0.1,0.1 C8,9.6,8,9.6,8,9.6z M11.4,16.1L11.4,16.1L11.4,16.1z M9.7,9.6L9.8,14l-0.1,2.1c0,0.1,0,0.1-0.1,0.2s-0.1,0.1-0.2,0.1 c-0.1,0-0.1,0-0.1-0.1s-0.1-0.1-0.1-0.2L9.2,14l0.1-4.4c0-0.1,0-0.1,0.1-0.2s0.1-0.1,0.2-0.1c0.1,0,0.1,0,0.2,0.1S9.7,9.5,9.7,9.6 L9.7,9.6z M10.6,9.8l0.1,4.3l-0.1,2c0,0.1,0,0.1-0.1,0.2c0,0-0.1,0.1-0.2,0.1c-0.1,0-0.1,0-0.2-0.1c0,0-0.1-0.1-0.1-0.2L10,14 l0.1-4.3c0-0.1,0-0.1,0.1-0.2c0,0,0.1-0.1,0.2-0.1c0.1,0,0.1,0,0.2,0.1S10.6,9.7,10.6,9.8z M12.4,14l-0.1,2c0,0.1,0,0.1-0.1,0.2 c-0.1,0.1-0.1,0.1-0.2,0.1c-0.1,0-0.1,0-0.2-0.1c-0.1-0.1-0.1-0.1-0.1-0.2l-0.1-1l-0.1-1l0.1-5.5v0c0-0.1,0-0.2,0.1-0.2 c0.1,0,0.1-0.1,0.2-0.1c0,0,0.1,0,0.1,0c0.1,0,0.1,0.1,0.1,0.2L12.4,14z M22.1,13.9c0,0.7-0.2,1.3-0.7,1.7c-0.5,0.5-1.1,0.7-1.7,0.7 h-6.8c-0.1,0-0.1,0-0.2-0.1c-0.1-0.1-0.1-0.1-0.1-0.2V8.2c0-0.1,0.1-0.2,0.2-0.3c0.5-0.2,1-0.3,1.6-0.3c1.1,0,2.1,0.4,2.9,1.1 c0.8,0.8,1.3,1.7,1.4,2.8c0.3-0.1,0.6-0.2,1-0.2c0.7,0,1.3,0.2,1.7,0.7C21.8,12.6,22.1,13.2,22.1,13.9L22.1,13.9z\"><\/path><\/svg><span class=\"wp-block-social-link-label screen-reader-text\">Soundcloud<\/span><\/a><\/li>\n\n<li class=\"wp-social-link wp-social-link-spotify  wp-block-social-link\"><a href=\"https:\/\/open.spotify.com\/intl-fr\/artist\/5cpdgBe0PfQ7Sp2BoXGvxX?si=D7d1WdWfQkOMu3Xubpmh_Q\" class=\"wp-block-social-link-anchor\"><svg width=\"24\" height=\"24\" viewBox=\"0 0 24 24\" version=\"1.1\" xmlns=\"http:\/\/www.w3.org\/2000\/svg\" aria-hidden=\"true\" focusable=\"false\"><path d=\"M12,2C6.477,2,2,6.477,2,12c0,5.523,4.477,10,10,10c5.523,0,10-4.477,10-10C22,6.477,17.523,2,12,2 M16.586,16.424 c-0.18,0.295-0.563,0.387-0.857,0.207c-2.348-1.435-5.304-1.76-8.785-0.964c-0.335,0.077-0.67-0.133-0.746-0.469 c-0.077-0.335,0.132-0.67,0.469-0.746c3.809-0.871,7.077-0.496,9.713,1.115C16.673,15.746,16.766,16.13,16.586,16.424 M17.81,13.7 c-0.226,0.367-0.706,0.482-1.072,0.257c-2.687-1.652-6.785-2.131-9.965-1.166C6.36,12.917,5.925,12.684,5.8,12.273 C5.675,11.86,5.908,11.425,6.32,11.3c3.632-1.102,8.147-0.568,11.234,1.328C17.92,12.854,18.035,13.335,17.81,13.7 M17.915,10.865 c-3.223-1.914-8.54-2.09-11.618-1.156C5.804,9.859,5.281,9.58,5.131,9.086C4.982,8.591,5.26,8.069,5.755,7.919 c3.532-1.072,9.404-0.865,13.115,1.338c0.445,0.264,0.59,0.838,0.327,1.282C18.933,10.983,18.359,11.129,17.915,10.865\"><\/path><\/svg><span class=\"wp-block-social-link-label screen-reader-text\">Spotify<\/span><\/a><\/li>\n\n<li class=\"wp-social-link wp-social-link-chain  wp-block-social-link\"><a href=\"https:\/\/linktr.ee\/Ninns.music\" class=\"wp-block-social-link-anchor\"><svg width=\"24\" height=\"24\" viewBox=\"0 0 24 24\" version=\"1.1\" xmlns=\"http:\/\/www.w3.org\/2000\/svg\" aria-hidden=\"true\" focusable=\"false\"><path d=\"M15.6,7.2H14v1.5h1.6c2,0,3.7,1.7,3.7,3.7s-1.7,3.7-3.7,3.7H14v1.5h1.6c2.8,0,5.2-2.3,5.2-5.2,0-2.9-2.3-5.2-5.2-5.2zM4.7,12.4c0-2,1.7-3.7,3.7-3.7H10V7.2H8.4c-2.9,0-5.2,2.3-5.2,5.2,0,2.9,2.3,5.2,5.2,5.2H10v-1.5H8.4c-2,0-3.7-1.7-3.7-3.7zm4.6.9h5.3v-1.5H9.3v1.5z\"><\/path><\/svg><span class=\"wp-block-social-link-label screen-reader-text\">Page Artiste<\/span><\/a><\/li><\/ul>\n\n\n\n<div style=\"height:22px\" aria-hidden=\"true\" class=\"wp-block-spacer\"><\/div>\n\n\n\n<p class=\"has-text-align-center\">L\u2019univers de Ninn\u2019s na\u00eet d\u2019un cheminement int\u00e9rieur profond, marqu\u00e9 par l\u2019apr\u00e8s-Covid, l\u2019enfermement, et une qu\u00eate de libert\u00e9 personnelle. Ce projet musical est le reflet d\u2019une p\u00e9riode charni\u00e8re, o\u00f9 l\u2019isolement a pris la forme d\u2019une v\u00e9ritable prison \u2013 mentale, \u00e9motionnelle, cr\u00e9ative.<\/p>\n\n\n\n<p class=\"has-text-align-center\">\u00c0 travers sa musique, Ninn\u2019s explore les cha\u00eenes invisibles qui l\u2019ont longtemps retenu\u00b7e : celles des relations complexes, de la d\u00e9pendance affective, mais aussi du doute et de la perte de rep\u00e8res. En revisitant ses exp\u00e9riences pass\u00e9es, notamment amoureuses, l\u2019artiste interroge l\u2019\u00e9volution, l\u2019apprentissage, la d\u00e9couverte et l\u2019amour de soi. Sa d\u00e9marche est autant introspective qu\u2019universelle.<\/p>\n\n\n\n<p class=\"has-text-align-center\">Multi-instrumentiste et producteur, Ninn\u2019s s\u2019est forg\u00e9\u00b7e une identit\u00e9 sonore riche en contrastes. Batterie, MAO, guitare, DJing\u2026 autant de langages musicaux travers\u00e9s avant d\u2019aboutir \u00e0 un projet coh\u00e9rent, intime et assum\u00e9. Ce parcours t\u00e9moigne d\u2019une maturit\u00e9 artistique nouvelle, d\u2019un \u00e9quilibre enfin trouv\u00e9 entre introspection et expression.<\/p>\n\n\n\n<p class=\"has-text-align-center\"><strong>\u00ab\u00a0Unlocked\u00a0\u00bb, son nouvel album<\/strong>, est une renaissance. Une lib\u00e9ration. Un moment de bascule o\u00f9 l\u2019artiste ouvre les portes d\u2019un monde int\u00e9rieur longtemps contenu, pour le transformer en une exp\u00e9rience immersive et sinc\u00e8re \u00e0 partager.<\/p>\n\n\n\n<p class=\"has-text-align-center\"><\/p>\n\n\n\n<div style=\"height:22px\" aria-hidden=\"true\" class=\"wp-block-spacer\"><\/div>\n\n\n\n<figure class=\"wp-block-embed is-type-video is-provider-youtube wp-block-embed-youtube wp-embed-aspect-16-9 wp-has-aspect-ratio\"><div class=\"wp-block-embed__wrapper\">\n<iframe title=\"Ninn&#039;s - Blue uprising live\" width=\"750\" height=\"422\" src=\"https:\/\/www.youtube.com\/embed\/1nsvda2-BJQ?feature=oembed\" frameborder=\"0\" allow=\"accelerometer; autoplay; clipboard-write; encrypted-media; gyroscope; picture-in-picture; web-share\" referrerpolicy=\"strict-origin-when-cross-origin\" allowfullscreen><\/iframe>\n<\/div><\/figure>\n\n\n\n<div style=\"height:22px\" aria-hidden=\"true\" class=\"wp-block-spacer\"><\/div>\n\n\n\n<div class=\"wp-block-columns is-layout-flex wp-container-core-columns-is-layout-28f84493 wp-block-columns-is-layout-flex\">\n<div class=\"wp-block-column is-layout-flow wp-block-column-is-layout-flow\">\n<figure class=\"wp-block-embed is-type-rich is-provider-spotify wp-block-embed-spotify wp-embed-aspect-21-9 wp-has-aspect-ratio\"><div class=\"wp-block-embed__wrapper\">\n<iframe title=\"Spotify Embed: Ninn&amp;apos;s\" style=\"border-radius: 12px\" width=\"100%\" height=\"352\" frameborder=\"0\" allowfullscreen allow=\"autoplay; clipboard-write; encrypted-media; fullscreen; picture-in-picture\" loading=\"lazy\" src=\"https:\/\/open.spotify.com\/embed\/artist\/5cpdgBe0PfQ7Sp2BoXGvxX?si=D7d1WdWfQkOMu3Xubpmh_Q&#038;utm_source=oembed\"><\/iframe>\n<\/div><\/figure>\n<\/div>\n\n\n\n<div class=\"wp-block-column is-layout-flow wp-block-column-is-layout-flow\">\n<figure class=\"wp-block-embed is-type-rich is-provider-soundcloud wp-block-embed-soundcloud wp-embed-aspect-4-3 wp-has-aspect-ratio\"><div class=\"wp-block-embed__wrapper\">\n<iframe title=\"Ninn&#039;s\" width=\"750\" height=\"450\" scrolling=\"no\" frameborder=\"no\" src=\"https:\/\/w.soundcloud.com\/player\/?visual=true&#038;url=https%3A%2F%2Fapi.soundcloud.com%2Fusers%2F7005532&#038;show_artwork=true&#038;maxheight=1000&#038;maxwidth=750\"><\/iframe>\n<\/div><\/figure>\n<\/div>\n<\/div>\n\n\n\n<div style=\"height:33px\" aria-hidden=\"true\" class=\"wp-block-spacer\"><\/div>\n\n\n\n<div class=\"wp-block-media-text is-stacked-on-mobile\"><figure class=\"wp-block-media-text__media\"><img decoding=\"async\" width=\"683\" height=\"1024\" src=\"https:\/\/www.yaatra-prod.com\/wp-content\/uploads\/2024\/03\/PV-NINNS-683x1024.jpg\" alt=\"\" class=\"wp-image-468 size-full\" srcset=\"https:\/\/www.yaatra-prod.com\/wp-content\/uploads\/2024\/03\/PV-NINNS-683x1024.jpg 683w, https:\/\/www.yaatra-prod.com\/wp-content\/uploads\/2024\/03\/PV-NINNS-200x300.jpg 200w, https:\/\/www.yaatra-prod.com\/wp-content\/uploads\/2024\/03\/PV-NINNS-768x1152.jpg 768w, https:\/\/www.yaatra-prod.com\/wp-content\/uploads\/2024\/03\/PV-NINNS.jpg 1008w\" sizes=\"(max-width: 683px) 100vw, 683px\" \/><\/figure><div class=\"wp-block-media-text__content\">\n<h2 class=\"wp-block-heading\">Infos &amp; Booking : <\/h2>\n\n\n\n<p><a href=\"mailto:management@yaatra-prod.com\" target=\"_blank\" rel=\"noreferrer noopener\">management@yaatra-prod.com<\/a><\/p>\n\n\n\n<p>0688205844<\/p>\n<\/div><\/div>\n<\/div>\n<\/div>\n<\/div>\n<\/div><\/div>\n","protected":false},"excerpt":{"rendered":"","protected":false},"author":1,"featured_media":0,"parent":0,"menu_order":0,"comment_status":"closed","ping_status":"closed","template":"","meta":{"_themeisle_gutenberg_block_has_review":false,"footnotes":""},"class_list":["post-467","page","type-page","status-publish","hentry"],"_links":{"self":[{"href":"https:\/\/www.yaatra-prod.com\/index.php?rest_route=\/wp\/v2\/pages\/467","targetHints":{"allow":["GET"]}}],"collection":[{"href":"https:\/\/www.yaatra-prod.com\/index.php?rest_route=\/wp\/v2\/pages"}],"about":[{"href":"https:\/\/www.yaatra-prod.com\/index.php?rest_route=\/wp\/v2\/types\/page"}],"author":[{"embeddable":true,"href":"https:\/\/www.yaatra-prod.com\/index.php?rest_route=\/wp\/v2\/users\/1"}],"replies":[{"embeddable":true,"href":"https:\/\/www.yaatra-prod.com\/index.php?rest_route=%2Fwp%2Fv2%2Fcomments&post=467"}],"version-history":[{"count":4,"href":"https:\/\/www.yaatra-prod.com\/index.php?rest_route=\/wp\/v2\/pages\/467\/revisions"}],"predecessor-version":[{"id":495,"href":"https:\/\/www.yaatra-prod.com\/index.php?rest_route=\/wp\/v2\/pages\/467\/revisions\/495"}],"wp:attachment":[{"href":"https:\/\/www.yaatra-prod.com\/index.php?rest_route=%2Fwp%2Fv2%2Fmedia&parent=467"}],"curies":[{"name":"wp","href":"https:\/\/api.w.org\/{rel}","templated":true}]}}